{"id":781,"date":"2017-06-23T21:50:09","date_gmt":"2017-06-23T21:50:09","guid":{"rendered":"http:\/\/td_uid_1_594d8d11e04c5"},"modified":"2024-02-05T08:51:35","modified_gmt":"2024-02-05T11:51:35","slug":"home","status":"publish","type":"page","link":"https:\/\/radioculturafmsapeacu.com.br\/","title":{"rendered":"Home"},"content":{"rendered":"<div id=\"tdi_1_05f\" class=\"tdc-zone\"><div class=\"tdc_zone tdi_2_6ff  wpb_row td-pb-row\"  >\n<style scoped>\n\n\/* custom css *\/\n.tdi_2_6ff{\n                    min-height: 0;\n                }\n<\/style><div id=\"tdi_3_e91\" class=\"tdc-row\"><div class=\"vc_row tdi_4_5b6  wpb_row td-pb-row\" >\n<style scoped>\n\n\/* custom css *\/\n.tdi_4_5b6{\n                    min-height: 0;\n                }\n<\/style><div class=\"vc_column tdi_6_e90  wpb_column vc_column_container tdc-column td-pb-span12\">\n<style scoped>\n\n\/* custom css *\/\n.tdi_6_e90{\n                    vertical-align: baseline;\n                }\n<\/style><div class=\"wpb_wrapper\"><div class=\"wpb_wrapper td_block_empty_space td_block_wrap vc_empty_space tdi_8_0b6 \"  style=\"height: 32px\"><\/div><\/div><\/div><\/div><\/div><div id=\"tdi_9_0bf\" class=\"tdc-row stretch_row\"><div class=\"vc_row tdi_10_bbf td-big-ad wpb_row td-pb-row\" >\n<style scoped>\n\n\/* custom css *\/\n.tdi_10_bbf{\n                    min-height: 0;\n                }\n<\/style><div class=\"vc_column tdi_12_01f  wpb_column vc_column_container tdc-column td-pb-span12\">\n<style scoped>\n\n\/* custom css *\/\n.tdi_12_01f{\n                    vertical-align: baseline;\n                }\n<\/style><div class=\"wpb_wrapper\"><\/div><\/div><\/div><\/div><div id=\"tdi_13_bf6\" class=\"tdc-row\"><div class=\"vc_row tdi_14_411 td-ss-row wpb_row td-pb-row\" >\n<style scoped>\n\n\/* custom css *\/\n.tdi_14_411{\n                    min-height: 0;\n                }\n<\/style><div class=\"vc_column tdi_16_e4b  wpb_column vc_column_container tdc-column td-pb-span8\">\n<style scoped>\n\n\/* custom css *\/\n.tdi_16_e4b{\n                    vertical-align: baseline;\n                }\n<\/style><div class=\"wpb_wrapper\"><div class=\"td_block_wrap td_block_4 tdi_18_b8e td-pb-border-top td_block_template_1 td-column-2 td_block_padding\"  data-td-block-uid=\"tdi_18_b8e\" ><script>var block_tdi_18_b8e = new tdBlock();\nblock_tdi_18_b8e.id = \"tdi_18_b8e\";\nblock_tdi_18_b8e.atts = '{\"custom_title\":\"NOT\\u00cdCIAS\",\"category_id\":\"91\",\"limit\":\"6\",\"separator\":\"\",\"custom_url\":\"\",\"block_template_id\":\"\",\"m2_tl\":\"\",\"m2_el\":\"\",\"post_ids\":\"\",\"category_ids\":\"\",\"tag_slug\":\"\",\"autors_id\":\"\",\"installed_post_types\":\"\",\"sort\":\"\",\"offset\":\"\",\"show_modified_date\":\"\",\"el_class\":\"\",\"td_ajax_filter_type\":\"\",\"td_ajax_filter_ids\":\"\",\"td_filter_default_txt\":\"All\",\"td_ajax_preloading\":\"\",\"f_header_font_header\":\"\",\"f_header_font_title\":\"Block header\",\"f_header_font_settings\":\"\",\"f_header_font_family\":\"\",\"f_header_font_size\":\"\",\"f_header_font_line_height\":\"\",\"f_header_font_style\":\"\",\"f_header_font_weight\":\"\",\"f_header_font_transform\":\"\",\"f_header_font_spacing\":\"\",\"f_header_\":\"\",\"f_ajax_font_title\":\"Ajax categories\",\"f_ajax_font_settings\":\"\",\"f_ajax_font_family\":\"\",\"f_ajax_font_size\":\"\",\"f_ajax_font_line_height\":\"\",\"f_ajax_font_style\":\"\",\"f_ajax_font_weight\":\"\",\"f_ajax_font_transform\":\"\",\"f_ajax_font_spacing\":\"\",\"f_ajax_\":\"\",\"f_more_font_title\":\"Load more button\",\"f_more_font_settings\":\"\",\"f_more_font_family\":\"\",\"f_more_font_size\":\"\",\"f_more_font_line_height\":\"\",\"f_more_font_style\":\"\",\"f_more_font_weight\":\"\",\"f_more_font_transform\":\"\",\"f_more_font_spacing\":\"\",\"f_more_\":\"\",\"m2f_title_font_header\":\"\",\"m2f_title_font_title\":\"Article title\",\"m2f_title_font_settings\":\"\",\"m2f_title_font_family\":\"\",\"m2f_title_font_size\":\"\",\"m2f_title_font_line_height\":\"\",\"m2f_title_font_style\":\"\",\"m2f_title_font_weight\":\"\",\"m2f_title_font_transform\":\"\",\"m2f_title_font_spacing\":\"\",\"m2f_title_\":\"\",\"m2f_cat_font_title\":\"Article category tag\",\"m2f_cat_font_settings\":\"\",\"m2f_cat_font_family\":\"\",\"m2f_cat_font_size\":\"\",\"m2f_cat_font_line_height\":\"\",\"m2f_cat_font_style\":\"\",\"m2f_cat_font_weight\":\"\",\"m2f_cat_font_transform\":\"\",\"m2f_cat_font_spacing\":\"\",\"m2f_cat_\":\"\",\"m2f_meta_font_title\":\"Article meta info\",\"m2f_meta_font_settings\":\"\",\"m2f_meta_font_family\":\"\",\"m2f_meta_font_size\":\"\",\"m2f_meta_font_line_height\":\"\",\"m2f_meta_font_style\":\"\",\"m2f_meta_font_weight\":\"\",\"m2f_meta_font_transform\":\"\",\"m2f_meta_font_spacing\":\"\",\"m2f_meta_\":\"\",\"m2f_ex_font_title\":\"Article excerpt\",\"m2f_ex_font_settings\":\"\",\"m2f_ex_font_family\":\"\",\"m2f_ex_font_size\":\"\",\"m2f_ex_font_line_height\":\"\",\"m2f_ex_font_style\":\"\",\"m2f_ex_font_weight\":\"\",\"m2f_ex_font_transform\":\"\",\"m2f_ex_font_spacing\":\"\",\"m2f_ex_\":\"\",\"ajax_pagination\":\"\",\"ajax_pagination_infinite_stop\":\"\",\"css\":\"\",\"tdc_css\":\"\",\"td_column_number\":2,\"header_color\":\"\",\"color_preset\":\"\",\"border_top\":\"\",\"class\":\"tdi_18_b8e\",\"tdc_css_class\":\"tdi_18_b8e\",\"tdc_css_class_style\":\"tdi_18_b8e_rand_style\"}';\nblock_tdi_18_b8e.td_column_number = \"2\";\nblock_tdi_18_b8e.block_type = \"td_block_4\";\nblock_tdi_18_b8e.post_count = \"6\";\nblock_tdi_18_b8e.found_posts = \"55675\";\nblock_tdi_18_b8e.header_color = \"\";\nblock_tdi_18_b8e.ajax_pagination_infinite_stop = \"\";\nblock_tdi_18_b8e.max_num_pages = \"9280\";\ntdBlocksArray.push(block_tdi_18_b8e);\n<\/script><div class=\"td-block-title-wrap\"><h4 class=\"block-title td-block-title\"><span class=\"td-pulldown-size\">NOT\u00cdCIAS<\/span><\/h4><\/div><div id=tdi_18_b8e class=\"td_block_inner\">\n\n\t<div class=\"td-block-row\">\n\n\t<div class=\"td-block-span6\">\n\n        <div class=\"td_module_2 td_module_wrap td-animation-stack td_module_no_thumb\">\n            <div class=\"td-module-image\">\n                                            <\/div>\n            <h3 class=\"entry-title td-module-title\"><a href=\"https:\/\/radioculturafmsapeacu.com.br\/index.php\/2026\/05\/06\/lula-defende-industria-brasileira-de-carros-na-america-latina-e-africa\/\" rel=\"bookmark\" title=\"Lula defende ind\u00fastria brasileira de carros na Am\u00e9rica Latina e \u00c1frica\">Lula defende ind\u00fastria brasileira de carros na Am\u00e9rica Latina e \u00c1frica<\/a><\/h3>\n\n            <div class=\"td-module-meta-info\">\n                                <span class=\"td-post-date\"><time class=\"entry-date updated td-module-date\" datetime=\"2026-05-06T00:10:04+00:00\" >maio 6, 2026<\/time><\/span>                <span class=\"td-module-comments\"><a href=\"https:\/\/radioculturafmsapeacu.com.br\/index.php\/2026\/05\/06\/lula-defende-industria-brasileira-de-carros-na-america-latina-e-africa\/#respond\">0<\/a><\/span>            <\/div>\n\n\n            <div class=\"td-excerpt\">\n                \n\n\n                    \n\t\t\t\tO presidente Luiz In\u00e1cio...            <\/div>\n\n            \n        <\/div>\n\n        \n\t<\/div> <!-- .\/td-block-span6 -->\n\n\t<div class=\"td-block-span6\">\n\n        <div class=\"td_module_2 td_module_wrap td-animation-stack td_module_no_thumb\">\n            <div class=\"td-module-image\">\n                                            <\/div>\n            <h3 class=\"entry-title td-module-title\"><a href=\"https:\/\/radioculturafmsapeacu.com.br\/index.php\/2026\/05\/06\/mega-nao-tem-acertador-e-premio-vai-a-r-36-milhoes\/\" rel=\"bookmark\" title=\"Mega n\u00e3o tem acertador e pr\u00eamio vai a R$ 36 milh\u00f5es\">Mega n\u00e3o tem acertador e pr\u00eamio vai a R$ 36 milh\u00f5es<\/a><\/h3>\n\n            <div class=\"td-module-meta-info\">\n                                <span class=\"td-post-date\"><time class=\"entry-date updated td-module-date\" datetime=\"2026-05-06T00:10:04+00:00\" >maio 6, 2026<\/time><\/span>                <span class=\"td-module-comments\"><a href=\"https:\/\/radioculturafmsapeacu.com.br\/index.php\/2026\/05\/06\/mega-nao-tem-acertador-e-premio-vai-a-r-36-milhoes\/#respond\">0<\/a><\/span>            <\/div>\n\n\n            <div class=\"td-excerpt\">\n                \nNenhum apostador acertou as seis dezenas do concurso 3.004\u00a0da Mega-Sena, realizado nesta ter\u00e7a-feira (5).\u00a0O pr\u00eamio acumulou e est\u00e1 estimado em R$ 36\u00a0milh\u00f5es para o...            <\/div>\n\n            \n        <\/div>\n\n        \n\t<\/div> <!-- .\/td-block-span6 --><\/div><!--.\/row-fluid-->\n\n\t<div class=\"td-block-row\">\n\n\t<div class=\"td-block-span6\">\n\n        <div class=\"td_module_2 td_module_wrap td-animation-stack td_module_no_thumb\">\n            <div class=\"td-module-image\">\n                                            <\/div>\n            <h3 class=\"entry-title td-module-title\"><a href=\"https:\/\/radioculturafmsapeacu.com.br\/index.php\/2026\/05\/06\/quase-mil-medicos-sofreram-agressao-no-trabalho-no-rj-desde-2018\/\" rel=\"bookmark\" title=\"Quase mil m\u00e9dicos sofreram agress\u00e3o no trabalho no RJ\u00a0desde 2018\">Quase mil m\u00e9dicos sofreram agress\u00e3o no trabalho no RJ\u00a0desde 2018<\/a><\/h3>\n\n            <div class=\"td-module-meta-info\">\n                                <span class=\"td-post-date\"><time class=\"entry-date updated td-module-date\" datetime=\"2026-05-06T00:10:03+00:00\" >maio 6, 2026<\/time><\/span>                <span class=\"td-module-comments\"><a href=\"https:\/\/radioculturafmsapeacu.com.br\/index.php\/2026\/05\/06\/quase-mil-medicos-sofreram-agressao-no-trabalho-no-rj-desde-2018\/#respond\">0<\/a><\/span>            <\/div>\n\n\n            <div class=\"td-excerpt\">\n                \n\n\n                    \n\t\t\t\t\nEntre 2018 e 2025,...            <\/div>\n\n            \n        <\/div>\n\n        \n\t<\/div> <!-- .\/td-block-span6 -->\n\n\t<div class=\"td-block-span6\">\n\n        <div class=\"td_module_2 td_module_wrap td-animation-stack td_module_no_thumb\">\n            <div class=\"td-module-image\">\n                                            <\/div>\n            <h3 class=\"entry-title td-module-title\"><a href=\"https:\/\/radioculturafmsapeacu.com.br\/index.php\/2026\/05\/05\/juros-do-programa-reforma-casa-brasil-sao-reduzidos\/\" rel=\"bookmark\" title=\"Juros do programa Reforma Casa Brasil s\u00e3o reduzidos\">Juros do programa Reforma Casa Brasil s\u00e3o reduzidos<\/a><\/h3>\n\n            <div class=\"td-module-meta-info\">\n                                <span class=\"td-post-date\"><time class=\"entry-date updated td-module-date\" datetime=\"2026-05-05T21:10:05+00:00\" >maio 5, 2026<\/time><\/span>                <span class=\"td-module-comments\"><a href=\"https:\/\/radioculturafmsapeacu.com.br\/index.php\/2026\/05\/05\/juros-do-programa-reforma-casa-brasil-sao-reduzidos\/#respond\">0<\/a><\/span>            <\/div>\n\n\n            <div class=\"td-excerpt\">\n                \n\n\n                    \n\t\t\t\t\nO Reforma Casa Brasil,...            <\/div>\n\n            \n        <\/div>\n\n        \n\t<\/div> <!-- .\/td-block-span6 --><\/div><!--.\/row-fluid-->\n\n\t<div class=\"td-block-row\">\n\n\t<div class=\"td-block-span6\">\n\n        <div class=\"td_module_2 td_module_wrap td-animation-stack td_module_no_thumb\">\n            <div class=\"td-module-image\">\n                                            <\/div>\n            <h3 class=\"entry-title td-module-title\"><a href=\"https:\/\/radioculturafmsapeacu.com.br\/index.php\/2026\/05\/05\/lula-autoriza-rio-a-trocar-regime-fiscal-por-novo-programa\/\" rel=\"bookmark\" title=\"Lula autoriza Rio a trocar regime fiscal por novo programa\">Lula autoriza Rio a trocar regime fiscal por novo programa<\/a><\/h3>\n\n            <div class=\"td-module-meta-info\">\n                                <span class=\"td-post-date\"><time class=\"entry-date updated td-module-date\" datetime=\"2026-05-05T21:10:04+00:00\" >maio 5, 2026<\/time><\/span>                <span class=\"td-module-comments\"><a href=\"https:\/\/radioculturafmsapeacu.com.br\/index.php\/2026\/05\/05\/lula-autoriza-rio-a-trocar-regime-fiscal-por-novo-programa\/#respond\">0<\/a><\/span>            <\/div>\n\n\n            <div class=\"td-excerpt\">\n                \n\n\n                    \n\t\t\t\t\nO estado do Rio...            <\/div>\n\n            \n        <\/div>\n\n        \n\t<\/div> <!-- .\/td-block-span6 -->\n\n\t<div class=\"td-block-span6\">\n\n        <div class=\"td_module_2 td_module_wrap td-animation-stack td_module_no_thumb\">\n            <div class=\"td-module-image\">\n                                            <\/div>\n            <h3 class=\"entry-title td-module-title\"><a href=\"https:\/\/radioculturafmsapeacu.com.br\/index.php\/2026\/05\/05\/stf-tem-placar-de-4-a-1-contra-novo-recurso-sobre-revisao-da-vida-toda\/\" rel=\"bookmark\" title=\"STF tem placar de 4 a 1 contra novo recurso sobre revis\u00e3o da vida toda\">STF tem placar de 4 a 1 contra novo recurso sobre...<\/a><\/h3>\n\n            <div class=\"td-module-meta-info\">\n                                <span class=\"td-post-date\"><time class=\"entry-date updated td-module-date\" datetime=\"2026-05-05T21:10:04+00:00\" >maio 5, 2026<\/time><\/span>                <span class=\"td-module-comments\"><a href=\"https:\/\/radioculturafmsapeacu.com.br\/index.php\/2026\/05\/05\/stf-tem-placar-de-4-a-1-contra-novo-recurso-sobre-revisao-da-vida-toda\/#respond\">0<\/a><\/span>            <\/div>\n\n\n            <div class=\"td-excerpt\">\n                \n\n\n                    \n\t\t\t\t\nO Supremo Tribunal Federal...            <\/div>\n\n            \n        <\/div>\n\n        \n\t<\/div> <!-- .\/td-block-span6 --><\/div><!--.\/row-fluid--><\/div><\/div> <!-- .\/block --><div class=\"td_block_wrap td_block_weather tdi_19_bb6 td-pb-border-top td_block_template_1\"  data-td-block-uid=\"tdi_19_bb6\" ><div class=\"td-block-title-wrap\"><\/div><div id=tdi_19_bb6 class=\"td-weather-wrap td_block_inner td-column-2\"><\/div><\/div><\/div><\/div><div class=\"vc_column tdi_21_bd6  wpb_column vc_column_container tdc-column td-pb-span4\">\n<style scoped>\n\n\/* custom css *\/\n.tdi_21_bd6{\n                    vertical-align: baseline;\n                }\n<\/style><div class=\"wpb_wrapper\"><div class=\"wpb_wrapper td_block_wrap vc_raw_html tdi_23_667 \"><div class=\"td-fix-index\"><script type=\"text\/javascript\" src=\"https:\/\/hosted.muses.org\/mrp.js\"><\/script>\n<script type=\"text\/javascript\">\nMRP.insert({\n'url':'https:\/\/stm8.xcast.com.br:11202\/stream',\n'codec':'mp3',\n'volume':100,\n'autoplay':true,\n'forceHTML5':true,\n'jsevents':false,\n'buffering':0,\n'title':'Web Radio',\n'wmode':'transparent',\n'skin':'darkconsole',\n'width':190,\n'height':62\n});\n<\/script>\n              \n              <\/div><\/div><div class=\"td_block_wrap td_block_video_playlist tdi_24_653\"><div class=\"td_block_inner\"><div class=\"td_video_playlist_column_1\"><div class=\"td_video_playlist_title\"><div class=\"td_video_title_text\">TOP 5<\/div><\/div><div class=\"td_wrapper_video_playlist\"><div class=\"td_wrapper_player td_wrapper_playlist_player_youtube\" data-first-video=\"B9Mi1-qn_PQ\" data-autoplay=\"0\">\n                            <div id=\"player_youtube\"><\/div>\n                       <\/div><div class=\"td_container_video_playlist \" >\n                                                <div class=\"td_video_controls_playlist_wrapper\"><div class=\"td_video_stop_play_control\"><a class=\"td-sp-video-play td-sp td_youtube_control\"><\/a><\/div><div class=\"td_current_video_play_title_youtube td_video_title_playing\"><\/div><div class=\"td_current_video_play_time_youtube td_video_time_playing\"><\/div><\/div>\n                                                <div id=\"td_youtube_playlist_video\" class=\"td_playlist_clickable td_add_scrollbar_to_playlist_for_mobile\"><a class=\"td_B9Mi1-qn_PQ td_click_video td_click_video_youtube \" data-video-id=\"B9Mi1-qn_PQ\"> <div class=\"td_video_thumb\"><img decoding=\"async\" src=\"https:\/\/img.youtube.com\/vi\/B9Mi1-qn_PQ\/default.jpg\" alt=\"Video thumbnail\" \/><\/div><div class=\"td_video_title_and_time\"><div class=\"td_video_title\">Gusttavo Lima - Apelido Carinhoso - DVD Buteco do Gusttavo Lima 2 (V\u00eddeo Oficial)<\/div><div class=\"td_video_time\">03:22<\/div><\/div><\/a><a class=\"td_rGF0jnqrUhQ td_click_video td_click_video_youtube \" data-video-id=\"rGF0jnqrUhQ\"> <div class=\"td_video_thumb\"><img decoding=\"async\" src=\"https:\/\/img.youtube.com\/vi\/rGF0jnqrUhQ\/default.jpg\" alt=\"Video thumbnail\" \/><\/div><div class=\"td_video_title_and_time\"><div class=\"td_video_title\">Al\u00f4 Dono Do Bar - Devinho Novais {clipe}<\/div><div class=\"td_video_time\">03:32<\/div><\/div><\/a><a class=\"td_wn_7FY82uP0 td_click_video td_click_video_youtube \" data-video-id=\"wn_7FY82uP0\"> <div class=\"td_video_thumb\"><img decoding=\"async\" src=\"https:\/\/img.youtube.com\/vi\/wn_7FY82uP0\/default.jpg\" alt=\"Video thumbnail\" \/><\/div><div class=\"td_video_title_and_time\"><div class=\"td_video_title\">Simone & Simaria - Regime Fechado<\/div><div class=\"td_video_time\">04:27<\/div><\/div><\/a><a class=\"td_cJLWXb7J9i8 td_click_video td_click_video_youtube \" data-video-id=\"cJLWXb7J9i8\"> <div class=\"td_video_thumb\"><img decoding=\"async\" src=\"https:\/\/img.youtube.com\/vi\/cJLWXb7J9i8\/default.jpg\" alt=\"Video thumbnail\" \/><\/div><div class=\"td_video_title_and_time\"><div class=\"td_video_title\">Felipe Ara\u00fajo - Amor da sua cama<\/div><div class=\"td_video_time\">03:06<\/div><\/div><\/a><a class=\"td_qaPDDTLkB2U td_click_video td_click_video_youtube \" data-video-id=\"qaPDDTLkB2U\"> <div class=\"td_video_thumb\"><img decoding=\"async\" src=\"https:\/\/img.youtube.com\/vi\/qaPDDTLkB2U\/default.jpg\" alt=\"Video thumbnail\" \/><\/div><div class=\"td_video_title_and_time\"><div class=\"td_video_title\">Thiago Brava Ft. Jorge - Dona Maria<\/div><div class=\"td_video_time\">03:16<\/div><\/div><\/a><\/div>\n                       <\/div>\n                    <\/div>\n                    <\/div>\n                    <script>;if (undefined === window.td_youtube_list_ids) {window.td_youtube_list_ids = {}};window.td_youtube_list_ids['td_B9Mi1-qn_PQ'] = {title:\"Gusttavo Lima - Apelido Carinhoso - DVD Buteco do Gusttavo Lima 2 (V\u00eddeo Oficial)\",time:\"03:22\"};window.td_youtube_list_ids['td_rGF0jnqrUhQ'] = {title:\"Al\u00f4 Dono Do Bar - Devinho Novais {clipe}\",time:\"03:32\"};window.td_youtube_list_ids['td_wn_7FY82uP0'] = {title:\"Simone &amp; Simaria - Regime Fechado\",time:\"04:27\"};window.td_youtube_list_ids['td_cJLWXb7J9i8'] = {title:\"Felipe Ara\u00fajo - Amor da sua cama\",time:\"03:06\"};window.td_youtube_list_ids['td_qaPDDTLkB2U'] = {title:\"Thiago Brava Ft. Jorge - Dona Maria\",time:\"03:16\"};<\/script><\/div><\/div> <!-- .\/block_video_playlist --><div class=\"wpb_wrapper td_block_wrap vc_raw_html tdi_26_55e \">\n<style scoped>\n\n\/* inline tdc_css att *\/\n\n.tdi_26_55e{\nmargin-left:20px !important;\n}\n\n<\/style><div class=\"td-fix-index\"><a href=\"https:\/\/radiosnet.com\" target=\"_blank\"> <img loading=\"lazy\" decoding=\"async\" src=\"https:\/\/img.radios.com.br\/divulgue\/app-radiosnet-234x60-a.jpg\" alt=\"Ou\u00e7a nossa r\u00e1dio em seu celular ou tablet com Android ou no iPhone e iPads\" width=\"234\" height=\"60\" border=\"0\"> <\/a><\/div><\/div><\/div><\/div><\/div><\/div><\/div><\/div>","protected":false},"excerpt":{"rendered":"\/* custom css *\/ .tdi_28_e35{ min-height: 0; } \/* custom css *\/ .tdi_30_000{ min-height: 0; } \/* custom css *\/ .tdi_32_f10{ vertical-align: baseline; } \/* custom css *\/ .tdi_36_c06{ min-height: 0; } \/* custom css *\/ .tdi_38_ffd{ vertical-align: baseline; } \/* custom css *\/ .tdi_40_55b{ min-height: 0; } \/* custom css *\/ .tdi_42_9be{ vertical-align: baseline; [...]","protected":false},"author":1,"featured_media":0,"parent":0,"menu_order":0,"comment_status":"open","ping_status":"closed","template":"","meta":{"footnotes":""},"_links":{"self":[{"href":"https:\/\/radioculturafmsapeacu.com.br\/index.php\/wp-json\/wp\/v2\/pages\/781"}],"collection":[{"href":"https:\/\/radioculturafmsapeacu.com.br\/index.php\/wp-json\/wp\/v2\/pages"}],"about":[{"href":"https:\/\/radioculturafmsapeacu.com.br\/index.php\/wp-json\/wp\/v2\/types\/page"}],"author":[{"embeddable":true,"href":"https:\/\/radioculturafmsapeacu.com.br\/index.php\/wp-json\/wp\/v2\/users\/1"}],"replies":[{"embeddable":true,"href":"https:\/\/radioculturafmsapeacu.com.br\/index.php\/wp-json\/wp\/v2\/comments?post=781"}],"version-history":[{"count":136,"href":"https:\/\/radioculturafmsapeacu.com.br\/index.php\/wp-json\/wp\/v2\/pages\/781\/revisions"}],"predecessor-version":[{"id":41015,"href":"https:\/\/radioculturafmsapeacu.com.br\/index.php\/wp-json\/wp\/v2\/pages\/781\/revisions\/41015"}],"wp:attachment":[{"href":"https:\/\/radioculturafmsapeacu.com.br\/index.php\/wp-json\/wp\/v2\/media?parent=781"}],"curies":[{"name":"wp","href":"https:\/\/api.w.org\/{rel}","templated":true}]}}